{"id":248,"date":"2021-06-24T10:34:33","date_gmt":"2021-06-24T09:34:33","guid":{"rendered":"https:\/\/oskarsil.de\/?page_id=248"},"modified":"2021-06-24T10:34:33","modified_gmt":"2021-06-24T09:34:33","slug":"impressum","status":"publish","type":"page","link":"https:\/\/oskarsil.de\/index.php\/impressum\/","title":{"rendered":"Impressum"},"content":{"rendered":"\n<p><strong>Angaben gem\u00e4\u00df \u00a75 TMG:<\/strong><\/p>\n\n\n\n<p><strong>Oskar-von-Miller-Schule<\/strong><\/p>\n\n\n\n<p><strong>rechtlich selbstst\u00e4ndige berufliche Schule (RSBS),<\/strong><\/p>\n\n\n\n<p><strong>rechtsf\u00e4hige Anstalt des \u00f6ffentlichen Rechts (A\u00f6R)<\/strong><\/p>\n\n\n\n<p>Weserstra\u00dfe 7<\/p>\n\n\n\n<p>D-34125 Kassel<\/p>\n\n\n\n<p><strong>Gesetzlicher Vertreter:<\/strong><\/p>\n\n\n\n<p>OStD G\u00fcnter Fuchs<\/p>\n\n\n\n<p>Schulleiter und Gesch\u00e4ftsf\u00fchrer<\/p>\n\n\n\n<p><strong>Kontakt:<\/strong><\/p>\n\n\n\n<p>Tel: +49 (0)561 97896-30<\/p>\n\n\n\n<p>Fax: +49 (0)561 97896-31<\/p>\n\n\n\n<p>Email: sekretariat@ovm-kassel.de<\/p>\n\n\n\n<p>Webseite: www.ovm-kassel.de<\/p>\n\n\n\n<p><strong>Verantwortlich f\u00fcr den Webauftritt i.S.d. \u00a710 Abs. 3 MDStV<\/strong><\/p>\n\n\n\n<p>Redaktioneller Webmaster: OStR\u2019n Karin Howe<\/p>\n\n\n\n<p>Anschrift: Oskar-von-Miller-Schule (s.o.)<\/p>\n","protected":false},"excerpt":{"rendered":"<p>Angaben gem\u00e4\u00df \u00a75 TMG: Oskar-von-Miller-Schule rechtlich selbstst\u00e4ndige berufliche Schule (RSBS), rechtsf\u00e4hige Anstalt des \u00f6ffentlichen Rechts (A\u00f6R) Weserstra\u00dfe 7 D-34125 Kassel Gesetzlicher Vertreter: OStD G\u00fcnter Fuchs Schulleiter und Gesch\u00e4ftsf\u00fchrer Kontakt: Tel: +49 (0)561 97896-30 Fax: +49 (0)561 97896-31 Email: sekretariat@ovm-kassel.de Webseite: www.ovm-kassel.de Verantwortlich f\u00fcr den Webauftritt i.S.d. \u00a710 Abs. 3 MDStV Redaktioneller Webmaster: OStR\u2019n Karin Howe [&hellip;]<\/p>\n","protected":false},"author":648,"featured_media":0,"parent":0,"menu_order":0,"comment_status":"closed","ping_status":"closed","template":"","meta":{"gt_page_layout":"","gt_hide_page_title":false,"gt_remove_bottom_margin":false},"_links":{"self":[{"href":"https:\/\/oskarsil.de\/index.php\/wp-json\/wp\/v2\/pages\/248"}],"collection":[{"href":"https:\/\/oskarsil.de\/index.php\/wp-json\/wp\/v2\/pages"}],"about":[{"href":"https:\/\/oskarsil.de\/index.php\/wp-json\/wp\/v2\/types\/page"}],"author":[{"embeddable":true,"href":"https:\/\/oskarsil.de\/index.php\/wp-json\/wp\/v2\/users\/648"}],"replies":[{"embeddable":true,"href":"https:\/\/oskarsil.de\/index.php\/wp-json\/wp\/v2\/comments?post=248"}],"version-history":[{"count":1,"href":"https:\/\/oskarsil.de\/index.php\/wp-json\/wp\/v2\/pages\/248\/revisions"}],"predecessor-version":[{"id":249,"href":"https:\/\/oskarsil.de\/index.php\/wp-json\/wp\/v2\/pages\/248\/revisions\/249"}],"wp:attachment":[{"href":"https:\/\/oskarsil.de\/index.php\/wp-json\/wp\/v2\/media?parent=248"}],"curies":[{"name":"wp","href":"https:\/\/api.w.org\/{rel}","templated":true}]}}